{"id":219,"date":"2025-04-25T14:11:11","date_gmt":"2025-04-25T14:11:11","guid":{"rendered":"https:\/\/marquezybeteta.com\/?page_id=219"},"modified":"2025-04-25T17:08:08","modified_gmt":"2025-04-25T17:08:08","slug":"politica-de-privacidad","status":"publish","type":"page","link":"https:\/\/marquezybeteta.com\/index.php\/politica-de-privacidad\/","title":{"rendered":"Pol\u00edtica de Privacidad"},"content":{"rendered":"\t\t<div data-elementor-type=\"wp-page\" data-elementor-id=\"219\" class=\"elementor elementor-219\">\n\t\t\t\t<div class=\"elementor-element elementor-element-9aa6f3c e-con-full elementor-hidden-tablet elementor-hidden-mobile e-flex e-con e-parent\" data-id=\"9aa6f3c\" data-element_type=\"container\" data-settings=\"{&quot;background_background&quot;:&quot;slideshow&quot;,&quot;background_slideshow_gallery&quot;:[{&quot;id&quot;:44,&quot;url&quot;:&quot;https:\\\/\\\/marquezybeteta.com\\\/wp-content\\\/uploads\\\/2025\\\/04\\\/5207.jpg&quot;},{&quot;id&quot;:45,&quot;url&quot;:&quot;https:\\\/\\\/marquezybeteta.com\\\/wp-content\\\/uploads\\\/2025\\\/04\\\/6364-1.jpg&quot;}],&quot;background_slideshow_loop&quot;:&quot;yes&quot;,&quot;background_slideshow_slide_duration&quot;:5000,&quot;background_slideshow_slide_transition&quot;:&quot;fade&quot;,&quot;background_slideshow_transition_duration&quot;:500}\">\n\t\t\t\t<div class=\"elementor-element elementor-element-d583e64 elementor-widget elementor-widget-spacer\" data-id=\"d583e64\" data-element_type=\"widget\" data-widget_type=\"spacer.default\">\n\t\t\t\t<div class=\"elementor-widget-container\">\n\t\t\t\t\t\t\t<div class=\"elementor-spacer\">\n\t\t\t<div class=\"elementor-spacer-inner\"><\/div>\n\t\t<\/div>\n\t\t\t\t\t\t<\/div>\n\t\t\t\t<\/div>\n\t\t\t\t<div class=\"elementor-element elementor-element-350d6cf animated-slow elementor-invisible elementor-widget elementor-widget-image\" data-id=\"350d6cf\" data-element_type=\"widget\" data-settings=\"{&quot;_animation&quot;:&quot;fadeIn&quot;}\" data-widget_type=\"image.default\">\n\t\t\t\t<div class=\"elementor-widget-container\">\n\t\t\t\t\t\t\t\t\t\t\t\t\t\t\t<img decoding=\"async\" width=\"300\" height=\"123\" src=\"https:\/\/marquezybeteta.com\/wp-content\/uploads\/2025\/04\/logo_300.png\" class=\"attachment-large size-large wp-image-46\" alt=\"\" \/>\t\t\t\t\t\t\t\t\t\t\t\t\t\t\t<\/div>\n\t\t\t\t<\/div>\n\t\t\t\t<div class=\"elementor-element elementor-element-bda036b elementor-widget elementor-widget-spacer\" data-id=\"bda036b\" data-element_type=\"widget\" data-widget_type=\"spacer.default\">\n\t\t\t\t<div class=\"elementor-widget-container\">\n\t\t\t\t\t\t\t<div class=\"elementor-spacer\">\n\t\t\t<div class=\"elementor-spacer-inner\"><\/div>\n\t\t<\/div>\n\t\t\t\t\t\t<\/div>\n\t\t\t\t<\/div>\n\t\t\t\t<div class=\"elementor-element elementor-element-4b65878 animated-slow elementor-invisible elementor-widget elementor-widget-text-editor\" data-id=\"4b65878\" data-element_type=\"widget\" data-settings=\"{&quot;_animation&quot;:&quot;fadeInLeft&quot;,&quot;_animation_delay&quot;:1500}\" data-widget_type=\"text-editor.default\">\n\t\t\t\t<div class=\"elementor-widget-container\">\n\t\t\t\t\t\t\t\t\t<p>Servicios jur\u00eddicos especializados.<\/p>\t\t\t\t\t\t\t\t<\/div>\n\t\t\t\t<\/div>\n\t\t\t\t<div class=\"elementor-element elementor-element-ef897c3 elementor-widget-divider--view-line elementor-invisible elementor-widget elementor-widget-divider\" data-id=\"ef897c3\" data-element_type=\"widget\" data-settings=\"{&quot;_animation&quot;:&quot;fadeInRight&quot;,&quot;_animation_delay&quot;:1500}\" data-widget_type=\"divider.default\">\n\t\t\t\t<div class=\"elementor-widget-container\">\n\t\t\t\t\t\t\t<div class=\"elementor-divider\">\n\t\t\t<span class=\"elementor-divider-separator\">\n\t\t\t\t\t\t<\/span>\n\t\t<\/div>\n\t\t\t\t\t\t<\/div>\n\t\t\t\t<\/div>\n\t\t\t\t<div class=\"elementor-element elementor-element-6bcc979 elementor-invisible elementor-widget elementor-widget-heading\" data-id=\"6bcc979\" data-element_type=\"widget\" data-settings=\"{&quot;_animation&quot;:&quot;fadeInUp&quot;,&quot;_animation_delay&quot;:2000}\" data-widget_type=\"heading.default\">\n\t\t\t\t<div class=\"elementor-widget-container\">\n\t\t\t\t\t<h4 class=\"elementor-heading-title elementor-size-default\">Fundada desde 2007<\/h4>\t\t\t\t<\/div>\n\t\t\t\t<\/div>\n\t\t\t\t<div class=\"elementor-element elementor-element-a4ca964 elementor-widget elementor-widget-spacer\" data-id=\"a4ca964\" data-element_type=\"widget\" data-widget_type=\"spacer.default\">\n\t\t\t\t<div class=\"elementor-widget-container\">\n\t\t\t\t\t\t\t<div class=\"elementor-spacer\">\n\t\t\t<div class=\"elementor-spacer-inner\"><\/div>\n\t\t<\/div>\n\t\t\t\t\t\t<\/div>\n\t\t\t\t<\/div>\n\t\t\t\t<\/div>\n\t\t<div class=\"elementor-element elementor-element-0538188 e-con-full elementor-hidden-desktop e-flex e-con e-parent\" data-id=\"0538188\" data-element_type=\"container\" data-settings=\"{&quot;background_background&quot;:&quot;slideshow&quot;,&quot;background_slideshow_gallery&quot;:[{&quot;id&quot;:44,&quot;url&quot;:&quot;https:\\\/\\\/marquezybeteta.com\\\/wp-content\\\/uploads\\\/2025\\\/04\\\/5207.jpg&quot;},{&quot;id&quot;:45,&quot;url&quot;:&quot;https:\\\/\\\/marquezybeteta.com\\\/wp-content\\\/uploads\\\/2025\\\/04\\\/6364-1.jpg&quot;}],&quot;background_slideshow_loop&quot;:&quot;yes&quot;,&quot;background_slideshow_slide_duration&quot;:5000,&quot;background_slideshow_slide_transition&quot;:&quot;fade&quot;,&quot;background_slideshow_transition_duration&quot;:500}\">\n\t\t\t\t<div class=\"elementor-element elementor-element-64f8230 elementor-widget elementor-widget-spacer\" data-id=\"64f8230\" data-element_type=\"widget\" data-widget_type=\"spacer.default\">\n\t\t\t\t<div class=\"elementor-widget-container\">\n\t\t\t\t\t\t\t<div class=\"elementor-spacer\">\n\t\t\t<div class=\"elementor-spacer-inner\"><\/div>\n\t\t<\/div>\n\t\t\t\t\t\t<\/div>\n\t\t\t\t<\/div>\n\t\t\t\t<div class=\"elementor-element elementor-element-0403f4c animated-slow elementor-invisible elementor-widget elementor-widget-image\" data-id=\"0403f4c\" data-element_type=\"widget\" data-settings=\"{&quot;_animation&quot;:&quot;fadeIn&quot;}\" data-widget_type=\"image.default\">\n\t\t\t\t<div class=\"elementor-widget-container\">\n\t\t\t\t\t\t\t\t\t\t\t\t\t\t\t<img decoding=\"async\" width=\"300\" height=\"123\" src=\"https:\/\/marquezybeteta.com\/wp-content\/uploads\/2025\/04\/logo_300.png\" class=\"attachment-large size-large wp-image-46\" alt=\"\" \/>\t\t\t\t\t\t\t\t\t\t\t\t\t\t\t<\/div>\n\t\t\t\t<\/div>\n\t\t\t\t<div class=\"elementor-element elementor-element-10556ae elementor-widget elementor-widget-spacer\" data-id=\"10556ae\" data-element_type=\"widget\" data-widget_type=\"spacer.default\">\n\t\t\t\t<div class=\"elementor-widget-container\">\n\t\t\t\t\t\t\t<div class=\"elementor-spacer\">\n\t\t\t<div class=\"elementor-spacer-inner\"><\/div>\n\t\t<\/div>\n\t\t\t\t\t\t<\/div>\n\t\t\t\t<\/div>\n\t\t\t\t<div class=\"elementor-element elementor-element-784a8ad animated-slow elementor-invisible elementor-widget elementor-widget-text-editor\" data-id=\"784a8ad\" data-element_type=\"widget\" data-settings=\"{&quot;_animation&quot;:&quot;fadeInLeft&quot;,&quot;_animation_delay&quot;:1500}\" data-widget_type=\"text-editor.default\">\n\t\t\t\t<div class=\"elementor-widget-container\">\n\t\t\t\t\t\t\t\t\t<p>Servicios jur\u00eddicos especializados.<\/p>\t\t\t\t\t\t\t\t<\/div>\n\t\t\t\t<\/div>\n\t\t\t\t<div class=\"elementor-element elementor-element-05ae1cd elementor-widget-divider--view-line elementor-invisible elementor-widget elementor-widget-divider\" data-id=\"05ae1cd\" data-element_type=\"widget\" data-settings=\"{&quot;_animation&quot;:&quot;fadeInRight&quot;,&quot;_animation_delay&quot;:1500}\" data-widget_type=\"divider.default\">\n\t\t\t\t<div class=\"elementor-widget-container\">\n\t\t\t\t\t\t\t<div class=\"elementor-divider\">\n\t\t\t<span class=\"elementor-divider-separator\">\n\t\t\t\t\t\t<\/span>\n\t\t<\/div>\n\t\t\t\t\t\t<\/div>\n\t\t\t\t<\/div>\n\t\t\t\t<div class=\"elementor-element elementor-element-d3cb015 elementor-invisible elementor-widget elementor-widget-heading\" data-id=\"d3cb015\" data-element_type=\"widget\" data-settings=\"{&quot;_animation&quot;:&quot;fadeInUp&quot;,&quot;_animation_delay&quot;:2000}\" data-widget_type=\"heading.default\">\n\t\t\t\t<div class=\"elementor-widget-container\">\n\t\t\t\t\t<h4 class=\"elementor-heading-title elementor-size-default\">Fundada desde 2007<\/h4>\t\t\t\t<\/div>\n\t\t\t\t<\/div>\n\t\t\t\t<div class=\"elementor-element elementor-element-0250d7a elementor-widget elementor-widget-spacer\" data-id=\"0250d7a\" data-element_type=\"widget\" data-widget_type=\"spacer.default\">\n\t\t\t\t<div class=\"elementor-widget-container\">\n\t\t\t\t\t\t\t<div class=\"elementor-spacer\">\n\t\t\t<div class=\"elementor-spacer-inner\"><\/div>\n\t\t<\/div>\n\t\t\t\t\t\t<\/div>\n\t\t\t\t<\/div>\n\t\t\t\t<\/div>\n\t\t<div class=\"elementor-element elementor-element-dad7221 e-flex e-con-boxed e-con e-parent\" data-id=\"dad7221\" data-element_type=\"container\">\n\t\t\t\t\t<div class=\"e-con-inner\">\n\t\t\t\t<div class=\"elementor-element elementor-element-80c1f73 elementor-widget elementor-widget-text-editor\" data-id=\"80c1f73\" data-element_type=\"widget\" data-widget_type=\"text-editor.default\">\n\t\t\t\t<div class=\"elementor-widget-container\">\n\t\t\t\t\t\t\t\t\t<p>Pol\u00edtica de Privacidad<\/p>\t\t\t\t\t\t\t\t<\/div>\n\t\t\t\t<\/div>\n\t\t\t\t\t<\/div>\n\t\t\t\t<\/div>\n\t\t<div class=\"elementor-element elementor-element-558049f e-flex e-con-boxed e-con e-parent\" data-id=\"558049f\" data-element_type=\"container\">\n\t\t\t\t\t<div class=\"e-con-inner\">\n\t\t\t\t<div class=\"elementor-element elementor-element-19ebd5d elementor-widget elementor-widget-text-editor\" data-id=\"19ebd5d\" data-element_type=\"widget\" data-widget_type=\"text-editor.default\">\n\t\t\t\t<div class=\"elementor-widget-container\">\n\t\t\t\t\t\t\t\t\t<p style=\"text-align: justify;\"><span style=\"color: #003366;\"><strong>Marquez <span style=\"color: #ff0000;\">&amp;<\/span> Beteta <\/strong>Abogados, S.C.<\/span><\/p>\n<p style=\"text-align: justify;\">En cumplimiento de lo establecido por la Ley Federal de Protecci\u00f3n de Datos Personales en Posesi\u00f3n de los Particulares (LFPDPPP), Marquez y Beteta Abogados, S.C. (M&amp;B), con domicilio en Leibnitz #14, Despachos 502 y 701 Col, Anzures, Miguel Hidalgo, CDMX., informa a sus clientes, visitantes del sitio web y p\u00fablico en general, su compromiso con la privacidad y la protecci\u00f3n de los datos personales que son recabados con motivo de los servicios legales.<\/p>\n\n<ol style=\"text-align: justify;\">\n \t<li><strong> Finalidad del tratamiento de datos personales<\/strong><\/li>\n<\/ol>\n<p style=\"text-align: center;\">Los datos personales que recabamos, ya sea de forma f\u00edsica, electr\u00f3nica o verbal, tienen como finalidad principal:<\/p>\n\n<ul style=\"text-align: justify;\">\n \t<li>Brindar asesor\u00eda legal y representaci\u00f3n en procedimientos judiciales o extrajudiciales.<\/li>\n \t<li>Elaborar escritos legales, gestionar documentaci\u00f3n y dar seguimiento a procesos judiciales relacionados con instituciones bancarias.<\/li>\n \t<li>Establecer comunicaci\u00f3n con autoridades judiciales, administrativas y financieras cuando sea necesario.<\/li>\n \t<li>Cumplir con obligaciones legales, contractuales y de prevenci\u00f3n de conflictos de inter\u00e9s.<\/li>\n \t<li>Realizar facturaci\u00f3n y gestiones administrativas internas.<\/li>\n<\/ul>\n<ol style=\"text-align: justify;\" start=\"2\">\n \t<li><strong> Datos personales recabados<\/strong><\/li>\n<\/ol>\n<p style=\"text-align: justify;\">Los datos personales que podemos solicitar incluyen, de manera enunciativa mas no limitativa:<\/p>\n\n<ul style=\"text-align: justify;\">\n \t<li>Datos de identificaci\u00f3n: nombre completo, domicilio, CURP, RFC, tel\u00e9fono, correo electr\u00f3nico.<\/li>\n \t<li>Datos patrimoniales y financieros: informaci\u00f3n bancaria, estados de cuenta, historial crediticio, contratos financieros.<\/li>\n \t<li>Datos judiciales: demandas, resoluciones, pruebas, y cualquier informaci\u00f3n legal relacionada con el juicio.<\/li>\n<\/ul>\n<ol style=\"text-align: justify;\" start=\"3\">\n \t<li><strong> Uso de datos sensibles<\/strong><\/li>\n<\/ol>\n<p style=\"text-align: justify;\">En casos excepcionales, podr\u00edamos tratar datos considerados <strong>sensibles<\/strong> por la ley (por ejemplo, estado de salud, situaci\u00f3n financiera delicada), exclusivamente cuando sea indispensable para la defensa del cliente en juicio. Su tratamiento se har\u00e1 con el mayor nivel de protecci\u00f3n y confidencialidad.<\/p>\n\n<ol style=\"text-align: justify;\" start=\"4\">\n \t<li><strong> Medidas de seguridad<\/strong><\/li>\n<\/ol>\n<p style=\"text-align: justify;\"><strong>M&amp;B<\/strong> adopta medidas de seguridad f\u00edsicas, t\u00e9cnicas y administrativas para proteger los datos personales contra da\u00f1o, p\u00e9rdida, alteraci\u00f3n, destrucci\u00f3n o uso, acceso o tratamiento no autorizado, tales como:<\/p>\n\n<ul style=\"text-align: justify;\">\n \t<li>Resguardo f\u00edsico en instalaciones seguras.<\/li>\n \t<li>Sistemas inform\u00e1ticos con protecci\u00f3n antivirus y contrase\u00f1as de acceso.<\/li>\n \t<li>Encriptaci\u00f3n de archivos y respaldo de informaci\u00f3n cr\u00edtica.<\/li>\n \t<li>Acceso limitado al personal estrictamente necesario.<\/li>\n<\/ul>\n<ol style=\"text-align: justify;\" start=\"5\">\n \t<li><strong> Derechos ARCO<\/strong><\/li>\n<\/ol>\n<p style=\"text-align: justify;\">Usted puede ejercer en cualquier momento sus <strong>derechos de Acceso, Rectificaci\u00f3n, Cancelaci\u00f3n u Oposici\u00f3n (ARCO)<\/strong> respecto al tratamiento de sus datos personales, enviando una solicitud al correo electr\u00f3nico:<\/p>\n<p style=\"text-align: justify;\"><strong>info@marquezybeteta.com<\/strong><\/p>\n<p style=\"text-align: justify;\">Dicha solicitud deber\u00e1 contener:<\/p>\n\n<ul style=\"text-align: justify;\">\n \t<li>Nombre completo del titular.<\/li>\n \t<li>Copia de su identificaci\u00f3n oficial.<\/li>\n \t<li>Descripci\u00f3n clara de los datos sobre los que desea ejercer sus derechos.<\/li>\n<\/ul>\n<p style=\"text-align: cjustify;\">El despacho responder\u00e1 su solicitud en un plazo no mayor a <strong>20 d\u00edas h\u00e1biles<\/strong>, conforme a la LFPDPPP.<\/p>\n\n<ol style=\"text-align: justify;\" start=\"6\">\n \t<li><strong> Transferencia de datos personales<\/strong><\/li>\n<\/ol>\n<p style=\"text-align: justify;\">Sus datos no ser\u00e1n compartidos con terceros, salvo en los siguientes casos:<\/p>\n\n<ul style=\"text-align: justify;\">\n \t<li>Por requerimiento legal o judicial.<\/li>\n \t<li>Para la defensa del cliente en juicio ante autoridades o instituciones bancarias.<\/li>\n \t<li>Con proveedores que presten servicios al despacho (por ejemplo, sistemas contables o almacenamiento digital), bajo estrictas cl\u00e1usulas de confidencialidad.<\/li>\n<\/ul>\n<ol style=\"text-align: justify;\" start=\"7\">\n \t<li><strong> Cambios a esta pol\u00edtica<\/strong><\/li>\n<\/ol>\n<p style=\"text-align: justify;\"><strong>M&amp;B<\/strong> se reserva el derecho de modificar esta pol\u00edtica de privacidad en cualquier momento. Las modificaciones estar\u00e1n disponibles en esta misma secci\u00f3n de nuestro sitio web, indicando la fecha de su \u00faltima actualizaci\u00f3n.<\/p>\n\n<ol style=\"text-align: justify;\" start=\"8\">\n \t<li><strong> Contacto<\/strong><\/li>\n<\/ol>\n<p style=\"text-align: justify;\">Para cualquier duda relacionada con esta pol\u00edtica o el tratamiento de sus datos personales, puede contactarnos a:<\/p>\n<p style=\"text-align: justify;\"><strong>seguridad@marquezybeteta.com<\/strong><\/p>\t\t\t\t\t\t\t\t<\/div>\n\t\t\t\t<\/div>\n\t\t\t\t\t<\/div>\n\t\t\t\t<\/div>\n\t\t\t\t<\/div>\n\t\t","protected":false},"excerpt":{"rendered":"<p>Servicios jur\u00eddicos especializados. Fundada desde 2007 Servicios jur\u00eddicos especializados. Fundada desde 2007 Pol\u00edtica de Privacidad Marquez &amp; Beteta Abogados, S.C. [&hellip;]<\/p>\n","protected":false},"author":1,"featured_media":0,"parent":0,"menu_order":0,"comment_status":"closed","ping_status":"closed","template":"","meta":{"site-sidebar-layout":"no-sidebar","site-content-layout":"","ast-site-content-layout":"full-width-container","site-content-style":"default","site-sidebar-style":"default","ast-global-header-display":"","ast-banner-title-visibility":"","ast-main-header-display":"","ast-hfb-above-header-display":"","ast-hfb-below-header-display":"","ast-hfb-mobile-header-display":"","site-post-title":"disabled","ast-breadcrumbs-content":"","ast-featured-img":"disabled","footer-sml-layout":"","theme-transparent-header-meta":"","adv-header-id-meta":"","stick-header-meta":"","header-above-stick-meta":"","header-main-stick-meta":"","header-below-stick-meta":"","astra-migrate-meta-layouts":"default","ast-page-background-enabled":"default","ast-page-background-meta":{"desktop":{"background-color":"var(--ast-global-color-5)","background-image":"","background-repeat":"repeat","background-position":"center center","background-size":"auto","background-attachment":"scroll","background-type":"","background-media":"","overlay-type":"","overlay-color":"","overlay-opacity":"","overlay-gradient":""},"tablet":{"background-color":"","background-image":"","background-repeat":"repeat","background-position":"center center","background-size":"auto","background-attachment":"scroll","background-type":"","background-media":"","overlay-type":"","overlay-color":"","overlay-opacity":"","overlay-gradient":""},"mobile":{"background-color":"","background-image":"","background-repeat":"repeat","background-position":"center center","background-size":"auto","background-attachment":"scroll","background-type":"","background-media":"","overlay-type":"","overlay-color":"","overlay-opacity":"","overlay-gradient":""}},"ast-content-background-meta":{"desktop":{"background-color":"var(--ast-global-color-4)","background-image":"","background-repeat":"repeat","background-position":"center center","background-size":"auto","background-attachment":"scroll","background-type":"","background-media":"","overlay-type":"","overlay-color":"","overlay-opacity":"","overlay-gradient":""},"tablet":{"background-color":"var(--ast-global-color-4)","background-image":"","background-repeat":"repeat","background-position":"center center","background-size":"auto","background-attachment":"scroll","background-type":"","background-media":"","overlay-type":"","overlay-color":"","overlay-opacity":"","overlay-gradient":""},"mobile":{"background-color":"var(--ast-global-color-4)","background-image":"","background-repeat":"repeat","background-position":"center center","background-size":"auto","background-attachment":"scroll","background-type":"","background-media":"","overlay-type":"","overlay-color":"","overlay-opacity":"","overlay-gradient":""}},"footnotes":""},"class_list":["post-219","page","type-page","status-publish","hentry"],"_links":{"self":[{"href":"https:\/\/marquezybeteta.com\/index.php\/wp-json\/wp\/v2\/pages\/219","targetHints":{"allow":["GET"]}}],"collection":[{"href":"https:\/\/marquezybeteta.com\/index.php\/wp-json\/wp\/v2\/pages"}],"about":[{"href":"https:\/\/marquezybeteta.com\/index.php\/wp-json\/wp\/v2\/types\/page"}],"author":[{"embeddable":true,"href":"https:\/\/marquezybeteta.com\/index.php\/wp-json\/wp\/v2\/users\/1"}],"replies":[{"embeddable":true,"href":"https:\/\/marquezybeteta.com\/index.php\/wp-json\/wp\/v2\/comments?post=219"}],"version-history":[{"count":28,"href":"https:\/\/marquezybeteta.com\/index.php\/wp-json\/wp\/v2\/pages\/219\/revisions"}],"predecessor-version":[{"id":253,"href":"https:\/\/marquezybeteta.com\/index.php\/wp-json\/wp\/v2\/pages\/219\/revisions\/253"}],"wp:attachment":[{"href":"https:\/\/marquezybeteta.com\/index.php\/wp-json\/wp\/v2\/media?parent=219"}],"curies":[{"name":"wp","href":"https:\/\/api.w.org\/{rel}","templated":true}]}}